{"id":27,"date":"2018-06-13T22:17:46","date_gmt":"2018-06-13T20:17:46","guid":{"rendered":"https:\/\/www.ibgj.de\/?page_id=27"},"modified":"2018-06-13T22:19:12","modified_gmt":"2018-06-13T20:19:12","slug":"audiotechnik","status":"publish","type":"page","link":"https:\/\/www.ibgj.de\/?page_id=27","title":{"rendered":"Audiotechnik"},"content":{"rendered":"<p>Wir beraten Sie zu allen Belangen und Fragen zu hochwertigen Beschallungsanlagen f\u00fcr R\u00e4ume und gr\u00f6\u00dfere, \u00f6ffentlich genutzte Objekte wie in nachfolgender Liste aufgef\u00fchrt.<\/p>\n<p>Dabei stehen wir ihnen sehr gerne auch f\u00fcr einzelne Fragen und Dienstleistungspunkte zur Verf\u00fcgung. Selbstverst\u00e4ndlich stehen wir auch anderen Ingenieurb\u00fcros mit unserem Fachwissen bei Planungen zu Beschallungsanlagen und Medientechnik gerne zur Verf\u00fcgung.<\/p>\n<p>Unser Dienstleistungsportfolio in der Audiotechnik:<\/p>\n<p>Analyse von bestehenden Beschallungsystemen:<\/p>\n<ul>\n<li>Wo liegen die Probleme?<\/li>\n<li>Sind Komponenten defekt oder ungeeignet?<\/li>\n<li>Gibt es Montage- oder Verkabelungsm\u00e4ngel?<\/li>\n<li>Die \u00dcbertragung wird\u00a0 mit einem akustischem Me\u00dfsystem aufgenommen werden um gezielt Probleme bei der \u00dcbertragungsg\u00fcte von Sprache und Musik einzugrenzen.<\/li>\n<li>Welche Komponenten sind f\u00fcr\u00a0 Weiterverwendung geeignet?<\/li>\n<li>Welche Komponenten m\u00fcssen ersetzt werden durch geeignete bzw. funktionsf\u00e4hige?<\/li>\n<li>Ermittlung und Planung von Optimierungsschritten zum Erhalt einer gut funktionierenden, zufriedenstellenden Anlage.<\/li>\n<\/ul>\n<p>&nbsp;<\/p>\n<p>Planung und Beratung zu neuen Beschallungssystemen:<\/p>\n<ul>\n<li>Planung von hochwertigen Beschallungsanlagen in allen Leistungsphasen (1-8) der HOAI<\/li>\n<li>Berechnung und akustische Computersimulation des zu erwartenden\u00a0 Beschallungsergebnisses<\/li>\n<li>Detaillierte Zusammenstellung von Komponenten und ggf. Alternativen<\/li>\n<li>Kostensch\u00e4tzung und Kostenberechnung mit verl\u00e4sslicher, hoher Genauigkeit<\/li>\n<li>Ausschreibung und Angebotseinholung<\/li>\n<li>Wertung von Angeboten<\/li>\n<li>Detailliierte Ausf\u00fchrungsplanung<\/li>\n<li>Programmierung von Digitalen Signalverarbeitungsprozessoren (DSP), Oberfl\u00e4chen und Voreinstellungen<\/li>\n<li>Bau\u00fcberwachung und Abnahme von installierten Systemen<\/li>\n<li>Akustische Einstellung und Einmessung von Installierten Systemen mittels akustischem\u00a0 Me\u00dfsystem<\/li>\n<li>Programmierung von graphischen Bedienoberfl\u00e4chen (Tablet) zur einfachen und intuitiven Bedienung des Beschallungssystems<\/li>\n<li>Ausf\u00fchrliche Dokumentation<\/li>\n<\/ul>\n<p>&nbsp;<\/p>\n<p>Wir planen Beschallungsanlagen zur Sprach- und Musikwiedergabe in nachfolgenden Objekten:<\/p>\n<ul>\n<li>\u00a0Turn- und Mehrzweckhallen<\/li>\n<li>Schul-Aulen und Veranstaltungsr\u00e4ume<\/li>\n<li>Gemeinde- und Pfarrs\u00e4le<\/li>\n<li>Kirchen<\/li>\n<li>Stadthallen und gro\u00dfe Veranstaltungshallen<\/li>\n<li>Theater<\/li>\n<li>Gastst\u00e4tten und Restaurants<\/li>\n<li>Diskotheken und Clubs<\/li>\n<li>Ladengesch\u00e4fte und M\u00e4rkte<\/li>\n<li>Freifl\u00e4chen, Stadtpl\u00e4tze, Sportpl\u00e4tze<\/li>\n<li>Stadien<\/li>\n<li>Schwimmb\u00e4der<\/li>\n<li>Mobile, fahrbare Lautsprecheranlagen f\u00fcr Schulen, Pfarreien, Vereine etc.<\/li>\n<li>Friedhofsbeschallung<\/li>\n<li>Besucherf\u00fchrungssysteme<\/li>\n<li>Speziall\u00f6sungen<\/li>\n<\/ul>\n<p>&nbsp;<\/p>\n<p>Wir beraten Sie in allen Belangen der professionellen Beschallungstechnik.<\/p>\n<p>Aufgrund der langj\u00e4hrigen Erfahrung in allen Projektgr\u00f6\u00dfen, hilft uns die Erfahrung, Ihnen eine optimale L\u00f6sung f\u00fcr Ihre Beschallungsaufgabe zu erarbeiten. Kenntnis des Marktes und der Produkte erlauben uns eine gezielte Auswahl von erstklassigen Komponenten die nicht teuer sein m\u00fcssen.<\/p>\n<p>Zuallererst erfolgt eine Abstimmung mit dem Nutzer der Anlage:<\/p>\n<ol>\n<li>Was damit gemacht werden soll,<\/li>\n<li>Was von der Anlage erwartet wird und<\/li>\n<li>Wieviel etwa Etat daf\u00fcr geplant ist.<\/li>\n<\/ol>\n<p>Der Raum (sofern bereits vorhanden) wird zun\u00e4chst besichtigt und vermessen, m\u00f6gliche Montagepunkte f\u00fcr Lautsprecher und sonstige Komponenten werden vorgeschlagen, bestimmt und notiert.<\/p>\n<p>Es folgt eine Planung und Erarbeitung eines oder mehrerer Konzepte mit graphischer Darstellung und detaillierter Kostensch\u00e4tzung.<\/p>\n<p>Anhand dieser L\u00f6sungsvorschl\u00e4ge wird im direkten Gespr\u00e4ch eine Feinabstimmung durchgef\u00fchrt, welche Komponenten und Funktionen ausgef\u00fchrt werden sollen.<\/p>\n<p>Auch in enger Zusammenarbeit mit den Architekten des Bauvorhabens wird eine optimale Integration von Komponenten und Lautsprechern in den Raum geplant.<\/p>\n<p>&nbsp;<\/p>\n<p><strong>Mehrwert f\u00fcr Sie bei Planung durch uns:<br \/>\n<\/strong><\/p>\n<p>Bei Sanierung:\u00a0 Kosteng\u00fcnstige L\u00f6sung, Einbezug von Bestandskomponenten in Absprache<\/p>\n<p>Bei Bedienung: Einfachste, gut durchdachte Bedienung. Fehlbediensicherheit<\/p>\n<p>Bei Klang: Hochwertiger Klang und exzellente Sprachverst\u00e4ndlichkeit<\/p>\n<p>Bei Betrieb: Betriebssicherheit, langer Werterhalt, ausf\u00fchrliche Dokumentation<\/p>\n<p>Unsere Passion. Ihr Mehrwert.<\/p>\n<p>&nbsp;<\/p>\n","protected":false},"excerpt":{"rendered":"<p>Wir beraten Sie zu allen Belangen und Fragen zu hochwertigen Beschallungsanlagen f\u00fcr R\u00e4ume und gr\u00f6\u00dfere, \u00f6ffentlich genutzte Objekte wie in nachfolgender Liste aufgef\u00fchrt. Dabei stehen wir ihnen sehr gerne auch f\u00fcr einzelne Fragen und Dienstleistungspunkte zur Verf\u00fcgung. Selbstverst\u00e4ndlich stehen wir auch anderen Ingenieurb\u00fcros mit unserem Fachwissen bei Planungen zu Beschallungsanlagen und Medientechnik gerne zur Verf\u00fcgung. &hellip; <\/p>\n<p class=\"link-more\"><a href=\"https:\/\/www.ibgj.de\/?page_id=27\" class=\"more-link\"><span class=\"screen-reader-text\">\u201eAudiotechnik\u201c<\/span> weiterlesen<\/a><\/p>\n","protected":false},"author":1,"featured_media":0,"parent":0,"menu_order":0,"comment_status":"closed","ping_status":"closed","template":"","meta":{"footnotes":""},"class_list":["post-27","page","type-page","status-publish","hentry"],"_links":{"self":[{"href":"https:\/\/www.ibgj.de\/index.php?rest_route=\/wp\/v2\/pages\/27","targetHints":{"allow":["GET"]}}],"collection":[{"href":"https:\/\/www.ibgj.de\/index.php?rest_route=\/wp\/v2\/pages"}],"about":[{"href":"https:\/\/www.ibgj.de\/index.php?rest_route=\/wp\/v2\/types\/page"}],"author":[{"embeddable":true,"href":"https:\/\/www.ibgj.de\/index.php?rest_route=\/wp\/v2\/users\/1"}],"replies":[{"embeddable":true,"href":"https:\/\/www.ibgj.de\/index.php?rest_route=%2Fwp%2Fv2%2Fcomments&post=27"}],"version-history":[{"count":1,"href":"https:\/\/www.ibgj.de\/index.php?rest_route=\/wp\/v2\/pages\/27\/revisions"}],"predecessor-version":[{"id":28,"href":"https:\/\/www.ibgj.de\/index.php?rest_route=\/wp\/v2\/pages\/27\/revisions\/28"}],"wp:attachment":[{"href":"https:\/\/www.ibgj.de\/index.php?rest_route=%2Fwp%2Fv2%2Fmedia&parent=27"}],"curies":[{"name":"wp","href":"https:\/\/api.w.org\/{rel}","templated":true}]}}